{"id":13,"date":"2018-12-03T19:47:25","date_gmt":"2018-12-03T18:47:25","guid":{"rendered":"http:\/\/wussler-kaffeetechnik.de\/?page_id=13"},"modified":"2024-01-10T20:07:45","modified_gmt":"2024-01-10T19:07:45","slug":"haushalt","status":"publish","type":"page","link":"https:\/\/wussler-kaffeetechnik.de\/?page_id=13","title":{"rendered":"Haushalt"},"content":{"rendered":"\n<p>Als regionaler\nAnsprechpartner haben wir uns auf langlebige und reparierbare\nVollautomaten- und Siebtr\u00e4germaschinen spezialisiert. Dabei ist uns\neine gute Beratung im Voraus sehr wichtig und wir stehen Ihnen von\nAnfang an zuverl\u00e4ssig mit unserem Service zur Seite.<\/p>\n\n\n\n<p>Wir haben kein\nLadengesch\u00e4ft,  Wichtig ist uns die N\u00e4he zu unseren Kunden, daher \nist  unser bevorzugtes Verkaufsgebiet  die Region  Gengenbach und das\nvordere Kinzigtal.  In diesem Bereich liefern wir jedes bei uns\ngekaufte Ger\u00e4t zu Ihnen aus und weisen Sie vor Ort in die Bedienung\nund Pflege des Ger\u00e4tes ein und das Beste \u2013 f\u00fcr Sie entstehen\nkeine weiteren Kosten!<\/p>\n\n\n\n<p>Als Servicepartner\nder Firma <a href=\"http:\/\/www.nivona.com\/\">NIVONA<\/a> sind wir\nzertifizierte und autorisierte Werkstatt und H\u00e4ndler. Somit beraten,\nverkaufen und reparieren wir direkt vor Ort! \n<\/p>\n\n\n\n<p>Gerne freuen wir uns \u00fcber Ihre Anfrage und freuen uns \u00fcber eine lange Partnerschaft mit Ihnen und Ihrer Kaffeemaschine.<\/p>\n\n\n\n<p><\/p>\n\n\n\n<figure class=\"wp-block-image size-large\"><img loading=\"lazy\" decoding=\"async\" width=\"1024\" height=\"1024\" src=\"http:\/\/wussler-kaffeetechnik.de\/wp-content\/uploads\/2020\/03\/9er_Kaffeevollautomaten_Unterseite-1024x1024.jpg\" alt=\"\" class=\"wp-image-71\" srcset=\"https:\/\/wussler-kaffeetechnik.de\/wp-content\/uploads\/2020\/03\/9er_Kaffeevollautomaten_Unterseite-1024x1024.jpg 1024w, https:\/\/wussler-kaffeetechnik.de\/wp-content\/uploads\/2020\/03\/9er_Kaffeevollautomaten_Unterseite-300x300.jpg 300w, https:\/\/wussler-kaffeetechnik.de\/wp-content\/uploads\/2020\/03\/9er_Kaffeevollautomaten_Unterseite-150x150.jpg 150w, https:\/\/wussler-kaffeetechnik.de\/wp-content\/uploads\/2020\/03\/9er_Kaffeevollautomaten_Unterseite-768x768.jpg 768w, https:\/\/wussler-kaffeetechnik.de\/wp-content\/uploads\/2020\/03\/9er_Kaffeevollautomaten_Unterseite-1536x1536.jpg 1536w, https:\/\/wussler-kaffeetechnik.de\/wp-content\/uploads\/2020\/03\/9er_Kaffeevollautomaten_Unterseite-2048x2048.jpg 2048w, https:\/\/wussler-kaffeetechnik.de\/wp-content\/uploads\/2020\/03\/9er_Kaffeevollautomaten_Unterseite-100x100.jpg 100w\" sizes=\"auto, (max-width: 706px) 89vw, (max-width: 767px) 82vw, 740px\" \/><\/figure>\n","protected":false},"excerpt":{"rendered":"<p>Als regionaler Ansprechpartner haben wir uns auf langlebige und reparierbare Vollautomaten- und Siebtr\u00e4germaschinen spezialisiert. Dabei ist uns eine gute Beratung im Voraus sehr wichtig und wir stehen Ihnen von Anfang an zuverl\u00e4ssig mit unserem Service zur Seite. Wir haben kein Ladengesch\u00e4ft, Wichtig ist uns die N\u00e4he zu unseren Kunden, daher ist unser bevorzugtes Verkaufsgebiet die &hellip; <\/p>\n<p class=\"link-more\"><a href=\"https:\/\/wussler-kaffeetechnik.de\/?page_id=13\" class=\"more-link\"><span class=\"screen-reader-text\">\u201eHaushalt\u201c <\/span>weiterlesen<\/a><\/p>\n","protected":false},"author":1,"featured_media":0,"parent":0,"menu_order":0,"comment_status":"closed","ping_status":"closed","template":"","meta":{"footnotes":""},"class_list":["post-13","page","type-page","status-publish","hentry"],"_links":{"self":[{"href":"https:\/\/wussler-kaffeetechnik.de\/index.php?rest_route=\/wp\/v2\/pages\/13","targetHints":{"allow":["GET"]}}],"collection":[{"href":"https:\/\/wussler-kaffeetechnik.de\/index.php?rest_route=\/wp\/v2\/pages"}],"about":[{"href":"https:\/\/wussler-kaffeetechnik.de\/index.php?rest_route=\/wp\/v2\/types\/page"}],"author":[{"embeddable":true,"href":"https:\/\/wussler-kaffeetechnik.de\/index.php?rest_route=\/wp\/v2\/users\/1"}],"replies":[{"embeddable":true,"href":"https:\/\/wussler-kaffeetechnik.de\/index.php?rest_route=%2Fwp%2Fv2%2Fcomments&post=13"}],"version-history":[{"count":5,"href":"https:\/\/wussler-kaffeetechnik.de\/index.php?rest_route=\/wp\/v2\/pages\/13\/revisions"}],"predecessor-version":[{"id":78,"href":"https:\/\/wussler-kaffeetechnik.de\/index.php?rest_route=\/wp\/v2\/pages\/13\/revisions\/78"}],"wp:attachment":[{"href":"https:\/\/wussler-kaffeetechnik.de\/index.php?rest_route=%2Fwp%2Fv2%2Fmedia&parent=13"}],"curies":[{"name":"wp","href":"https:\/\/api.w.org\/{rel}","templated":true}]}}