{"id":37,"date":"2018-12-03T19:56:31","date_gmt":"2018-12-03T18:56:31","guid":{"rendered":"http:\/\/wussler-kaffeetechnik.de\/?page_id=37"},"modified":"2025-01-26T19:57:15","modified_gmt":"2025-01-26T18:57:15","slug":"impressum","status":"publish","type":"page","link":"https:\/\/wussler-kaffeetechnik.de\/?page_id=37","title":{"rendered":"Impressum"},"content":{"rendered":"<h2>Angaben gem\u00e4\u00df \u00a7 5 Telemediengesetz (TMG):<\/h2>\n<p>Wussler Kaffeetechnik<\/p>\n<p><span class=\"Apple-style-span\">Michael Wu\u00dfler<br \/>\nGrabenstra\u00dfe 40<br class=\"\" \/>77723 Gengenbach<\/span><br \/>\nDeutschland<\/p>\n<h2>Kontakt:<\/h2>\n<p>Tel.: +49 (0) 7803 <span class=\"Apple-style-span\">921 85 95<br class=\"\" \/>info[at]wussler-kaffeetechnik.de<\/span><\/p>\n<h2>Verantwortlicher f\u00fcr den Inhalt ist gem\u00e4\u00df \u00a7 55 Abs. 2 Rundfunkstaatsvertrag (RStV):<\/h2>\n<p>Michael Wu\u00dfler<br \/>\n<span class=\"Apple-style-span\">Grabenstra\u00dfe 40<br class=\"\" \/>77723 Gengenbach<\/span><br \/>\nDeutschland<\/p>\n<div class=\"dfd-spacer-module\" data-units=\"px\" data-wide_resolution=\"1280\" data-wide_size=\"50\" data-normal_resolution=\"1024\" data-normal_size=\"50\" data-tablet_resolution=\"800\" data-tablet_size=\"50\" data-mobile_resolution=\"480\" data-mobile_size=\"50\"><\/div>\n<div class=\"wpb_text_column wpb_content_element \">\n<div class=\"wpb_wrapper\">\n<h2>Umsatzsteuer:<\/h2>\n<p>Umsatzsteuer-Identifikationsnummer gem\u00e4\u00df \u00a727 a Umsatzsteuergesetz:<br \/>\n<span class=\"\">DE 450 411 412<\/span><\/p>\n<\/div>\n<\/div>\n<div class=\"dfd-spacer-module\" data-units=\"px\" data-wide_resolution=\"1280\" data-wide_size=\"50\" data-normal_resolution=\"1024\" data-normal_size=\"50\" data-tablet_resolution=\"800\" data-tablet_size=\"50\" data-mobile_resolution=\"480\" data-mobile_size=\"50\"><\/div>\n<div class=\"wpb_text_column wpb_content_element \">\n<div class=\"wpb_wrapper\">\n<h2>Verantwortlich f\u00fcr den Inhalt nach \u00a7 55 Abs. 2 RStV:<\/h2>\n<p>Michael Wu\u00dfler<br \/>\n<span class=\"Apple-style-span\">Grabenstra\u00dfe 40<br class=\"\" \/>77723 Gengenbach<\/span><\/p>\n<\/div>\n<\/div>\n<h2>Streitbeilegung<\/h2>\n<p>Hinweis zur Online-Streitbeilegung gem\u00e4\u00df Art. 14 Abs. 1 ODR-VO: Unsere Website bietet weder einen Online-Shop noch Online-Dienstleistungen an. Daher sind wir nicht verpflichtet, an Online-Streitbeilegungsverfahren teilzunehmen, und nehmen daran auch nicht teil.<\/p>\n<h2>Bildquellen<\/h2>\n<p>https:\/\/www.pexels.com<\/p>\n<h2>Ausschluss der Haftung<\/h2>\n<p><strong>1. Haftung f\u00fcr Inhalte<\/strong><br \/>\nDer Inhalt meiner Internetseite wurde mit gr\u00f6\u00dftm\u00f6glicher Sorgfalt erstellt. Ich \u00fcbernehme jedoch keine Gew\u00e4hr daf\u00fcr, dass dieser Inhalt richtig, vollst\u00e4ndig, und aktuell ist und zudem noch gef\u00e4llt. Gem\u00e4\u00df \u00a7 7 Abs. 1 TMG bin ich f\u00fcr den Inhalt verantwortlich, selbst wenn dieser wurde bestellt.<br \/>\nGem\u00e4\u00df den \u00a7\u00a7 8, 9 und 10 TMG ist f\u00fcr mich keine Verpflichtung gegeben, dass ich Informationen von Dritten, die \u00fcbermittelt oder gespeichert wurden, \u00fcberwache oder Umst\u00e4nde erhebe, die Hinweise auf nicht rechtm\u00e4\u00dfige T\u00e4tigkeiten ergeben.<br \/>\nDavon nicht ber\u00fchrt, ist meine Verpflichtung zur Sperrung oder Entfernung von Informationen, welche von den allgemeinen Gesetzen herr\u00fchrt.<br \/>\nIch hafte allerdings erst in dem Moment, in dem ich von einer konkreten Verletzung von Rechten Kenntnis bekomme. Dann wird eine unverz\u00fcgliche Entfernung des entsprechenden Inhalts vorgenommen.<\/p>\n<p><strong>2. Haftung f\u00fcr Links<\/strong><br \/>\nMeine Internetseite enth\u00e4lt Links, die zu externen Internetseiten von Dritten f\u00fchren, auf deren Inhalte ich jedoch keinen Einfluss habe. Es ist mir daher nicht m\u00f6glich, eine Gew\u00e4hr f\u00fcr diese Inhalte zu tragen.<br \/>\nDie Verantwortung daf\u00fcr hat immer der jeweilige Anbieter\/Betreiber der entsprechenden Internetseite. Ich \u00fcberpr\u00fcfe die von mir verlinkten Internetseiten zum Zeitpunkt der Verlinkung auf einen m\u00f6glichen Rechtsversto\u00df in voller Breite.<br \/>\nEs kann mir jedoch, ohne einen konkreten Anhaltspunkt, nicht zugemutet werden, st\u00e4ndig die verlinkten Internetseiten inhaltlich zu \u00fcberwachen. Wenn ich jedoch von einer Rechtsverletzung Kenntnis erlange, werde ich den entsprechenden Link unverz\u00fcglich entfernen, das kann ich machen.<\/p>\n<p><strong>3. Urheberrecht<\/strong><br \/>\nDie auf meiner Internetseite enthaltenen Inhalte sind, soweit m\u00f6glich, urheberrechtlich gesch\u00fctzt. Es bedarf einer schriftlichen Genehmigung des Erstellers f\u00fcr denjenigen, der die Inhalte vervielf\u00e4ltigt, bearbeitet, verbreitet oder n\u00fctzt.<br \/>\nDas Herunterladen und Kopieren meiner Internetseite ist sowohl f\u00fcr den privaten als auch den kommerziellen Gebrauch von mir schriftlich zu gestatten. Ich weise darauf hin, dass ich hinsichtlich der Inhalte auf meiner Internetseite, soweit sie nicht von mir erstellt worden sind, das Urheberrecht von Dritten jederzeit beachtet hatte.<br \/>\nWenn Sie mir mitteilen w\u00fcrden, dass Sie trotzdem eine Urheberrechtsverletzung gefunden haben, w\u00fcrde ich das sehr sch\u00e4tzen. Dann kann ich den entsprechenden Inhalt sofort entfernen und w\u00fcrde damit das Urheberrecht nicht mehr verletzen.<\/p>\n<p><strong>4. Datenschutz<\/strong><br \/>\nMeine Internetseite kann regelm\u00e4\u00dfig ohne die Angabe von personenbezogenen Daten genutzt werden. Falls solche Daten (z.B. Name, Adresse oder E-Mail) doch erhoben werden sollten, geschieht das, freiwillig oder nur mit ausdr\u00fccklicher Zustimmung durch Sie und durch mich zu verbergen.<br \/>\nDie \u00dcbertragung von Daten im Internet ist mit Sicherheitsl\u00fccken befangen. Es ist daher m\u00f6glich, dass Dritte Zugriff auf diese Daten erlangen. Ein l\u00fcckenloser Schutz ist nicht m\u00f6glich, wenn auch l\u00f6blich.<br \/>\nIch widerspreche an dieser Stelle der Nutzung meiner Kontaktdaten, um mir damit nicht verlangte Werbung\/Informationsmaterial\/Spam-Mails zukommen zu lassen. Sollte dies dennoch geschehen, m\u00fcsste ich rechtliche Schritte ins Auge fassen.<\/p>\n<h2>Konzeption und Gestaltung<\/h2>\n<p>Marek Holub<\/p>\n","protected":false},"excerpt":{"rendered":"<p>Angaben gem\u00e4\u00df \u00a7 5 Telemediengesetz (TMG): Wussler Kaffeetechnik Michael Wu\u00dfler Grabenstra\u00dfe 4077723 Gengenbach Deutschland Kontakt: Tel.: +49 (0) 7803 921 85 95info[at]wussler-kaffeetechnik.de Verantwortlicher f\u00fcr den Inhalt ist gem\u00e4\u00df \u00a7 55 Abs. 2 Rundfunkstaatsvertrag (RStV): Michael Wu\u00dfler Grabenstra\u00dfe 4077723 Gengenbach Deutschland Umsatzsteuer: Umsatzsteuer-Identifikationsnummer gem\u00e4\u00df \u00a727 a Umsatzsteuergesetz: DE 450 411 412 Verantwortlich f\u00fcr den Inhalt nach &hellip; <\/p>\n<p class=\"link-more\"><a href=\"https:\/\/wussler-kaffeetechnik.de\/?page_id=37\" class=\"more-link\"><span class=\"screen-reader-text\">\u201eImpressum\u201c <\/span>weiterlesen<\/a><\/p>\n","protected":false},"author":1,"featured_media":0,"parent":0,"menu_order":0,"comment_status":"closed","ping_status":"closed","template":"","meta":{"footnotes":""},"class_list":["post-37","page","type-page","status-publish","hentry"],"_links":{"self":[{"href":"https:\/\/wussler-kaffeetechnik.de\/index.php?rest_route=\/wp\/v2\/pages\/37","targetHints":{"allow":["GET"]}}],"collection":[{"href":"https:\/\/wussler-kaffeetechnik.de\/index.php?rest_route=\/wp\/v2\/pages"}],"about":[{"href":"https:\/\/wussler-kaffeetechnik.de\/index.php?rest_route=\/wp\/v2\/types\/page"}],"author":[{"embeddable":true,"href":"https:\/\/wussler-kaffeetechnik.de\/index.php?rest_route=\/wp\/v2\/users\/1"}],"replies":[{"embeddable":true,"href":"https:\/\/wussler-kaffeetechnik.de\/index.php?rest_route=%2Fwp%2Fv2%2Fcomments&post=37"}],"version-history":[{"count":8,"href":"https:\/\/wussler-kaffeetechnik.de\/index.php?rest_route=\/wp\/v2\/pages\/37\/revisions"}],"predecessor-version":[{"id":87,"href":"https:\/\/wussler-kaffeetechnik.de\/index.php?rest_route=\/wp\/v2\/pages\/37\/revisions\/87"}],"wp:attachment":[{"href":"https:\/\/wussler-kaffeetechnik.de\/index.php?rest_route=%2Fwp%2Fv2%2Fmedia&parent=37"}],"curies":[{"name":"wp","href":"https:\/\/api.w.org\/{rel}","templated":true}]}}