{"id":6,"date":"2018-12-03T19:39:18","date_gmt":"2018-12-03T18:39:18","guid":{"rendered":"http:\/\/wussler-kaffeetechnik.de\/?page_id=6"},"modified":"2025-01-24T18:03:05","modified_gmt":"2025-01-24T17:03:05","slug":"wussler-kaffeetechnik","status":"publish","type":"page","link":"https:\/\/wussler-kaffeetechnik.de\/","title":{"rendered":"Professionelle Kaffeetechnik in der Ortenau"},"content":{"rendered":"<p>Diese Seite befindet sich noch im Aufbau. Aber gerne k\u00f6nnen Sie sich mit uns in Verbindung setzen.<\/p>\n<p>Wussler Kaffeetechnik<\/p>\n<p>Michael Wu\u00dfler<br \/>\nGrabenstra\u00dfe 40<br \/>\n77723 Gengenbach<\/p>\n<p>+49 7803 921 85 95<br \/>\ninfo[at]wussler-kaffeetechnik.de<\/p>\n<p>Ihr Team von Wussler Kaffeetechnik<\/p>\n","protected":false},"excerpt":{"rendered":"<p>Diese Seite befindet sich noch im Aufbau. Aber gerne k\u00f6nnen Sie sich mit uns in Verbindung setzen. Wussler Kaffeetechnik Michael Wu\u00dfler Grabenstra\u00dfe 40 77723 Gengenbach +49 7803 921 85 95 info[at]wussler-kaffeetechnik.de Ihr Team von Wussler Kaffeetechnik<\/p>\n","protected":false},"author":1,"featured_media":0,"parent":0,"menu_order":0,"comment_status":"closed","ping_status":"closed","template":"","meta":{"footnotes":""},"class_list":["post-6","page","type-page","status-publish","hentry"],"_links":{"self":[{"href":"https:\/\/wussler-kaffeetechnik.de\/index.php?rest_route=\/wp\/v2\/pages\/6","targetHints":{"allow":["GET"]}}],"collection":[{"href":"https:\/\/wussler-kaffeetechnik.de\/index.php?rest_route=\/wp\/v2\/pages"}],"about":[{"href":"https:\/\/wussler-kaffeetechnik.de\/index.php?rest_route=\/wp\/v2\/types\/page"}],"author":[{"embeddable":true,"href":"https:\/\/wussler-kaffeetechnik.de\/index.php?rest_route=\/wp\/v2\/users\/1"}],"replies":[{"embeddable":true,"href":"https:\/\/wussler-kaffeetechnik.de\/index.php?rest_route=%2Fwp%2Fv2%2Fcomments&post=6"}],"version-history":[{"count":6,"href":"https:\/\/wussler-kaffeetechnik.de\/index.php?rest_route=\/wp\/v2\/pages\/6\/revisions"}],"predecessor-version":[{"id":81,"href":"https:\/\/wussler-kaffeetechnik.de\/index.php?rest_route=\/wp\/v2\/pages\/6\/revisions\/81"}],"wp:attachment":[{"href":"https:\/\/wussler-kaffeetechnik.de\/index.php?rest_route=%2Fwp%2Fv2%2Fmedia&parent=6"}],"curies":[{"name":"wp","href":"https:\/\/api.w.org\/{rel}","templated":true}]}}